{"id":11,"date":"2025-05-25T17:19:48","date_gmt":"2025-05-25T17:19:48","guid":{"rendered":"https:\/\/der-eifelercoach.eu\/?page_id=11"},"modified":"2026-04-28T20:10:01","modified_gmt":"2026-04-28T17:10:01","slug":"about","status":"publish","type":"page","link":"https:\/\/der-eifelercoach.eu\/de\/about\/","title":{"rendered":"\u00dcber mich"},"content":{"rendered":"<div data-elementor-type=\"wp-page\" data-elementor-id=\"11\" class=\"elementor elementor-11\" data-elementor-post-type=\"page\">\n\t\t\t\t<div class=\"elementor-element elementor-element-683b649 e-con-full e-flex e-con e-parent\" data-id=\"683b649\" data-element_type=\"container\" data-e-type=\"container\" data-settings=\"{&quot;background_background&quot;:&quot;classic&quot;}\">\n\t\t\t\t<div class=\"elementor-element elementor-element-9d36de5 elementor-widget elementor-widget-heading\" data-id=\"9d36de5\" data-element_type=\"widget\" data-e-type=\"widget\" data-widget_type=\"heading.default\">\n\t\t\t\t<div class=\"elementor-widget-container\">\n\t\t\t\t\t<h1 class=\"elementor-heading-title elementor-size-default\">Erfahren Sie mehr \u00fcber den Coach aus dem Eifel<\/h1>\t\t\t\t<\/div>\n\t\t\t\t<\/div>\n\t\t\t\t<div class=\"elementor-element elementor-element-e229f22 elementor-widget elementor-widget-heading\" data-id=\"e229f22\" data-element_type=\"widget\" data-e-type=\"widget\" data-widget_type=\"heading.default\">\n\t\t\t\t<div class=\"elementor-widget-container\">\n\t\t\t\t\t<h2 class=\"elementor-heading-title elementor-size-default\">Pers\u00f6nliches Wachstum und Empowerment<\/h2>\t\t\t\t<\/div>\n\t\t\t\t<\/div>\n\t\t\t\t<\/div>\n\t\t<div class=\"elementor-element elementor-element-dfa4e43 e-con-full e-flex e-con e-parent\" data-id=\"dfa4e43\" data-element_type=\"container\" data-e-type=\"container\">\n\t\t\t\t<div class=\"elementor-element elementor-element-23e1bcc elementor-widget elementor-widget-text-editor\" data-id=\"23e1bcc\" data-element_type=\"widget\" data-e-type=\"widget\" data-widget_type=\"text-editor.default\">\n\t\t\t\t<div class=\"elementor-widget-container\">\n\t\t\t\t\t\t\t\t\t<h3 style=\"text-align: center;\"><span style=\"color: #333333;\">Ich bin Abi Dean - ein zertifizierter Wingwave\u00ae- und NLP-Coach mit einer Leidenschaft daf\u00fcr, Menschen zu helfen, Unsicherheit in Ruhe und Klarheit zu verwandeln.<\/span><\/h3>\t\t\t\t\t\t\t\t<\/div>\n\t\t\t\t<\/div>\n\t\t\t\t<\/div>\n\t\t<div class=\"elementor-element elementor-element-024503c e-con-full e-flex e-con e-parent\" data-id=\"024503c\" data-element_type=\"container\" data-e-type=\"container\" data-settings=\"{&quot;background_background&quot;:&quot;classic&quot;}\">\n\t\t<div class=\"elementor-element elementor-element-7e1bb35 e-con-full e-flex e-con e-child\" data-id=\"7e1bb35\" data-element_type=\"container\" data-e-type=\"container\">\n\t\t\t\t<div class=\"elementor-element elementor-element-6ee9443 elementor-widget__width-initial elementor-widget-tablet__width-initial elementor-widget elementor-widget-image\" data-id=\"6ee9443\" data-element_type=\"widget\" data-e-type=\"widget\" data-widget_type=\"image.default\">\n\t\t\t\t<div class=\"elementor-widget-container\">\n\t\t\t\t\t\t\t\t\t\t\t\t\t\t\t<img fetchpriority=\"high\" decoding=\"async\" width=\"300\" height=\"300\" src=\"https:\/\/der-eifelercoach.eu\/wp-content\/uploads\/2025\/05\/Abi_2025.png\" class=\"attachment-large size-large wp-image-216\" alt=\"\" srcset=\"https:\/\/der-eifelercoach.eu\/wp-content\/uploads\/2025\/05\/Abi_2025.png 300w, https:\/\/der-eifelercoach.eu\/wp-content\/uploads\/2025\/05\/Abi_2025-150x150.png 150w\" sizes=\"(max-width: 300px) 100vw, 300px\" \/>\t\t\t\t\t\t\t\t\t\t\t\t\t\t\t<\/div>\n\t\t\t\t<\/div>\n\t\t\t\t<div class=\"elementor-element elementor-element-b72f6d7 elementor-widget__width-initial elementor-widget-mobile__width-initial elementor-widget elementor-widget-text-editor\" data-id=\"b72f6d7\" data-element_type=\"widget\" data-e-type=\"widget\" data-widget_type=\"text-editor.default\">\n\t\t\t\t<div class=\"elementor-widget-container\">\n\t\t\t\t\t\t\t\t\t<p style=\"text-align: center;\">Ich bin zertifizierter NLP-Coach und psychologischer Berater mit den Schwerpunkten Coaching, Stresspr\u00e4vention und Motivation, zertifiziert von der Deutschen Gesellschaft f\u00fcr Neuro-Linguistisches Programmieren. Mit einem Masterabschluss in Sozialwissenschaften und jahrelanger Erfahrung in der Beratung und im Coaching von Einzelpersonen unterst\u00fctze ich Einzelpersonen, Teams oder \u00e4hnliche Gruppen von Menschen dabei, ihr volles Potenzial zu entfalten und ein erf\u00fclltes Leben zu f\u00fchren.<\/p>\t\t\t\t\t\t\t\t<\/div>\n\t\t\t\t<\/div>\n\t\t\t\t<\/div>\n\t\t\t\t<\/div>\n\t\t<div class=\"elementor-element elementor-element-c46a3ed e-flex e-con-boxed e-con e-parent\" data-id=\"c46a3ed\" data-element_type=\"container\" data-e-type=\"container\">\n\t\t\t\t\t<div class=\"e-con-inner\">\n\t\t<div class=\"elementor-element elementor-element-7bcbfa6 e-con-full e-flex e-con e-child\" data-id=\"7bcbfa6\" data-element_type=\"container\" data-e-type=\"container\">\n\t\t\t\t<div class=\"elementor-element elementor-element-dd3cb83 elementor-widget__width-initial elementor-widget-tablet__width-initial elementor-widget elementor-widget-image\" data-id=\"dd3cb83\" data-element_type=\"widget\" data-e-type=\"widget\" data-widget_type=\"image.default\">\n\t\t\t\t<div class=\"elementor-widget-container\">\n\t\t\t\t\t\t\t\t\t\t\t\t\t\t\t<img decoding=\"async\" width=\"459\" height=\"289\" src=\"https:\/\/der-eifelercoach.eu\/wp-content\/uploads\/2025\/05\/ScreenshotWho-I-amDer-EifelercoachEducationalBackground.png\" class=\"attachment-large size-large wp-image-218\" alt=\"\" srcset=\"https:\/\/der-eifelercoach.eu\/wp-content\/uploads\/2025\/05\/ScreenshotWho-I-amDer-EifelercoachEducationalBackground.png 459w, https:\/\/der-eifelercoach.eu\/wp-content\/uploads\/2025\/05\/ScreenshotWho-I-amDer-EifelercoachEducationalBackground-300x189.png 300w\" sizes=\"(max-width: 459px) 100vw, 459px\" \/>\t\t\t\t\t\t\t\t\t\t\t\t\t\t\t<\/div>\n\t\t\t\t<\/div>\n\t\t\t\t<\/div>\n\t\t<div class=\"elementor-element elementor-element-5e76e3f e-con-full e-flex e-con e-child\" data-id=\"5e76e3f\" data-element_type=\"container\" data-e-type=\"container\">\n\t\t\t\t<div class=\"elementor-element elementor-element-165da85 elementor-widget elementor-widget-text-editor\" data-id=\"165da85\" data-element_type=\"widget\" data-e-type=\"widget\" data-widget_type=\"text-editor.default\">\n\t\t\t\t<div class=\"elementor-widget-container\">\n\t\t\t\t\t\t\t\t\t<div id=\"zH4VZI\" class=\"text-box layout-element__component layout-element__component--GridTextBox\" data-v-5567603e=\"\" data-qa=\"gridtextbox:zh4vzi\"><h4 style=\"text-align: center;\">Mein Bildungshintergrund<\/h4><p class=\"body\" style=\"text-align: center;\">Nach meinem Bachelor-Abschluss in Sozialwissenschaften entschied ich mich, meine Ausbildung fortzusetzen und einen Master-Abschluss in dieser Disziplin zu machen. W\u00e4hrend meines Studiums interessierte ich mich sehr f\u00fcr die soziale Dynamik, das menschliche Verhalten und die psychologischen Faktoren, die unser t\u00e4gliches Handeln beeinflussen. Ich kam zu der Erkenntnis, dass ich meine Begeisterung f\u00fcr das Lernen \u00fcber die menschliche Natur nutzen wollte, um andere dabei zu unterst\u00fctzen, ihre eigenen Hindernisse zu \u00fcberwinden und ihre Ziele zu erreichen.<\/p><\/div>\t\t\t\t\t\t\t\t<\/div>\n\t\t\t\t<\/div>\n\t\t\t\t<\/div>\n\t\t\t\t\t<\/div>\n\t\t\t\t<\/div>\n\t\t<div class=\"elementor-element elementor-element-a66d861 e-flex e-con-boxed e-con e-parent\" data-id=\"a66d861\" data-element_type=\"container\" data-e-type=\"container\">\n\t\t\t\t\t<div class=\"e-con-inner\">\n\t\t<div class=\"elementor-element elementor-element-822a584 e-con-full e-flex e-con e-child\" data-id=\"822a584\" data-element_type=\"container\" data-e-type=\"container\">\n\t\t\t\t<div class=\"elementor-element elementor-element-cbfe29a elementor-widget__width-initial elementor-widget elementor-widget-image\" data-id=\"cbfe29a\" data-element_type=\"widget\" data-e-type=\"widget\" data-widget_type=\"image.default\">\n\t\t\t\t<div class=\"elementor-widget-container\">\n\t\t\t\t\t\t\t\t\t\t\t\t\t\t\t<img decoding=\"async\" width=\"467\" height=\"314\" src=\"https:\/\/der-eifelercoach.eu\/wp-content\/uploads\/2025\/05\/ScreenshotWho-I-amDer-EifelercoachMyApprenticeship.png\" class=\"attachment-large size-large wp-image-219\" alt=\"\" srcset=\"https:\/\/der-eifelercoach.eu\/wp-content\/uploads\/2025\/05\/ScreenshotWho-I-amDer-EifelercoachMyApprenticeship.png 467w, https:\/\/der-eifelercoach.eu\/wp-content\/uploads\/2025\/05\/ScreenshotWho-I-amDer-EifelercoachMyApprenticeship-300x202.png 300w\" sizes=\"(max-width: 467px) 100vw, 467px\" \/>\t\t\t\t\t\t\t\t\t\t\t\t\t\t\t<\/div>\n\t\t\t\t<\/div>\n\t\t\t\t<\/div>\n\t\t<div class=\"elementor-element elementor-element-e40d151 e-con-full e-flex e-con e-child\" data-id=\"e40d151\" data-element_type=\"container\" data-e-type=\"container\">\n\t\t\t\t<div class=\"elementor-element elementor-element-2479925 elementor-widget elementor-widget-text-editor\" data-id=\"2479925\" data-element_type=\"widget\" data-e-type=\"widget\" data-widget_type=\"text-editor.default\">\n\t\t\t\t<div class=\"elementor-widget-container\">\n\t\t\t\t\t\t\t\t\t<div id=\"zlYs3M\" class=\"text-box layout-element__component layout-element__component--GridTextBox\" data-v-5567603e=\"\" data-qa=\"gridtextbox:zlys3m\"><h4 style=\"text-align: center;\">Meine Ausbildung<\/h4><p class=\"body\" style=\"text-align: center;\">Nach Abschluss meines Studiums entschied ich mich f\u00fcr eine Weiterbildung und die Zertifizierung zum NLP-Coach. Ich absolvierte eine umfassende Ausbildung beim Deutschen Verband f\u00fcr Neuro-Linguistisches Programmieren (DVNLP), um mir fundierte Kenntnisse und F\u00e4higkeiten im Bereich NLP anzueignen. In dieser Ausbildung konnte ich mich mit den grundlegenden Prinzipien des NLP vertraut machen und verschiedene effektive Coaching-Techniken erlernen.<br \/>Zus\u00e4tzlich zu meiner NLP-Zertifizierung habe ich eine Ausbildung zur psychologischen Beraterin an den Paracelsus-Heilpraktikerschulen absolviert. Diese Ausbildung vermittelte mir ein breites Verst\u00e4ndnis f\u00fcr die menschliche Psyche und bef\u00e4higte mich, Menschen in verschiedenen Lebensbereichen zu unterst\u00fctzen. Ich lernte therapeutische Ans\u00e4tze und Techniken, um individuelle Bed\u00fcrfnisse zu erkennen und entsprechende L\u00f6sungen anzubieten.<\/p><\/div>\t\t\t\t\t\t\t\t<\/div>\n\t\t\t\t<\/div>\n\t\t\t\t<\/div>\n\t\t\t\t\t<\/div>\n\t\t\t\t<\/div>\n\t\t<div class=\"elementor-element elementor-element-146b210 e-flex e-con-boxed e-con e-parent\" data-id=\"146b210\" data-element_type=\"container\" data-e-type=\"container\">\n\t\t\t\t\t<div class=\"e-con-inner\">\n\t\t<div class=\"elementor-element elementor-element-a51dc65 e-con-full e-flex e-con e-child\" data-id=\"a51dc65\" data-element_type=\"container\" data-e-type=\"container\">\n\t\t\t\t<div class=\"elementor-element elementor-element-b37188f elementor-widget elementor-widget-image\" data-id=\"b37188f\" data-element_type=\"widget\" data-e-type=\"widget\" data-widget_type=\"image.default\">\n\t\t\t\t<div class=\"elementor-widget-container\">\n\t\t\t\t\t\t\t\t\t\t\t\t\t\t\t<img loading=\"lazy\" decoding=\"async\" width=\"452\" height=\"554\" src=\"https:\/\/der-eifelercoach.eu\/wp-content\/uploads\/2025\/05\/ScreenshotWho-I-am-Der-EifelercoachMyCoachingFocuses.png\" class=\"attachment-large size-large wp-image-227\" alt=\"\" srcset=\"https:\/\/der-eifelercoach.eu\/wp-content\/uploads\/2025\/05\/ScreenshotWho-I-am-Der-EifelercoachMyCoachingFocuses.png 452w, https:\/\/der-eifelercoach.eu\/wp-content\/uploads\/2025\/05\/ScreenshotWho-I-am-Der-EifelercoachMyCoachingFocuses-245x300.png 245w\" sizes=\"(max-width: 452px) 100vw, 452px\" \/>\t\t\t\t\t\t\t\t\t\t\t\t\t\t\t<\/div>\n\t\t\t\t<\/div>\n\t\t\t\t<\/div>\n\t\t<div class=\"elementor-element elementor-element-1083edd e-con-full e-flex e-con e-child\" data-id=\"1083edd\" data-element_type=\"container\" data-e-type=\"container\">\n\t\t\t\t<div class=\"elementor-element elementor-element-277cb26 elementor-widget elementor-widget-text-editor\" data-id=\"277cb26\" data-element_type=\"widget\" data-e-type=\"widget\" data-widget_type=\"text-editor.default\">\n\t\t\t\t<div class=\"elementor-widget-container\">\n\t\t\t\t\t\t\t\t\t<div id=\"AgNLOo6z7\" class=\"text-box layout-element__component layout-element__component--GridTextBox\" data-v-5567603e=\"\" data-qa=\"gridtextbox:agnloo6z7\"><h4 style=\"text-align: center;\">Meine Coaching-Schwerpunkte<\/h4><p class=\"body\" style=\"text-align: center;\">Als NLP-Coach und psychologischer Berater bin ich spezialisiert auf Stresspr\u00e4vention, Motivation und pers\u00f6nliches Wachstum. Ich glaube fest daran, dass jeder Mensch das Potenzial hat, sein Leben positiv zu ver\u00e4ndern und seine pers\u00f6nlichen Ziele zu erreichen. Oft werden wir jedoch durch innere Blockaden, einschr\u00e4nkende Glaubenss\u00e4tze oder stressige Lebensumst\u00e4nde daran gehindert, unser volles Potenzial auszusch\u00f6pfen.<br \/>In meiner Coaching-Praxis arbeite ich eng mit meinen Kunden zusammen, um diese Hindernisse zu erkennen und Strategien zu ihrer \u00dcberwindung zu entwickeln. Ich unterst\u00fctze meine Kunden dabei, ihre St\u00e4rken zu erkennen, Selbstvertrauen aufzubauen und klare Ziele f\u00fcr ihr pers\u00f6nliches und berufliches Leben zu setzen. Durch den Einsatz von NLP-Techniken und psychologischem Fachwissen kann ich ihnen helfen, ihre Denkmuster zu \u00e4ndern, negative Emotionen loszulassen und ihre Motivation wiederzuerlangen.<br \/>Stresspr\u00e4vention ist ein weiterer wichtiger Schwerpunkt meiner Arbeit. In unserer schnelllebigen und stressigen Welt ist es entscheidend, wirksame Strategien zur Stressbew\u00e4ltigung zu entwickeln und eine ausgewogene Work-Life-Harmonie zu erreichen. Ich unterst\u00fctze meine Kunden dabei, Stressoren zu erkennen, gesunde Bew\u00e4ltigungsmechanismen zu entwickeln und ihr Wohlbefinden zu f\u00f6rdern. Durch den Einsatz von Entspannungstechniken, Stressbew\u00e4ltigungsstrategien und Achtsamkeits\u00fcbungen k\u00f6nnen meine Kunden ihr Stressniveau reduzieren und ihre Lebensqualit\u00e4t verbessern.<\/p><\/div>\t\t\t\t\t\t\t\t<\/div>\n\t\t\t\t<\/div>\n\t\t\t\t<\/div>\n\t\t\t\t\t<\/div>\n\t\t\t\t<\/div>\n\t\t<div class=\"elementor-element elementor-element-f80cc6e e-flex e-con-boxed e-con e-parent\" data-id=\"f80cc6e\" data-element_type=\"container\" data-e-type=\"container\">\n\t\t\t\t\t<div class=\"e-con-inner\">\n\t\t<div class=\"elementor-element elementor-element-fba4cce e-con-full e-flex e-con e-child\" data-id=\"fba4cce\" data-element_type=\"container\" data-e-type=\"container\">\n\t\t\t\t<div class=\"elementor-element elementor-element-f80d4b8 elementor-widget elementor-widget-image\" data-id=\"f80d4b8\" data-element_type=\"widget\" data-e-type=\"widget\" data-widget_type=\"image.default\">\n\t\t\t\t<div class=\"elementor-widget-container\">\n\t\t\t\t\t\t\t\t\t\t\t\t\t\t\t<img loading=\"lazy\" decoding=\"async\" width=\"510\" height=\"338\" src=\"https:\/\/der-eifelercoach.eu\/wp-content\/uploads\/2025\/05\/ScreenshotWho-I-am-Der-EifelercoachMyApproach.png\" class=\"attachment-large size-large wp-image-228\" alt=\"\" srcset=\"https:\/\/der-eifelercoach.eu\/wp-content\/uploads\/2025\/05\/ScreenshotWho-I-am-Der-EifelercoachMyApproach.png 510w, https:\/\/der-eifelercoach.eu\/wp-content\/uploads\/2025\/05\/ScreenshotWho-I-am-Der-EifelercoachMyApproach-300x199.png 300w\" sizes=\"(max-width: 510px) 100vw, 510px\" \/>\t\t\t\t\t\t\t\t\t\t\t\t\t\t\t<\/div>\n\t\t\t\t<\/div>\n\t\t\t\t<\/div>\n\t\t<div class=\"elementor-element elementor-element-7471ad2 e-con-full e-flex e-con e-child\" data-id=\"7471ad2\" data-element_type=\"container\" data-e-type=\"container\">\n\t\t\t\t<div class=\"elementor-element elementor-element-514ed21 elementor-widget elementor-widget-text-editor\" data-id=\"514ed21\" data-element_type=\"widget\" data-e-type=\"widget\" data-widget_type=\"text-editor.default\">\n\t\t\t\t<div class=\"elementor-widget-container\">\n\t\t\t\t\t\t\t\t\t<div id=\"zqaIBb\" class=\"text-box layout-element__component layout-element__component--GridTextBox\" data-v-5567603e=\"\" data-qa=\"gridtextbox:zqaibb\"><h4 style=\"text-align: center;\">Meine Herangehensweise<\/h4><p class=\"body\" style=\"text-align: center;\">In meiner Arbeit lege ich gro\u00dfen Wert auf den Aufbau einer vertrauensvollen und unterst\u00fctzenden Beziehung zu meinen Klienten. Ich schaffe einen sicheren Raum, in dem sie sich frei \u00e4u\u00dfern k\u00f6nnen, ohne Angst vor Beurteilung oder Kritik. Jeder Mensch ist einzigartig und hat individuelle Bed\u00fcrfnisse und Ziele. Daher gehe ich in meinen Coaching-Sitzungen auf die spezifischen Anliegen und Herausforderungen meiner Kunden ein.<br \/>Ich glaube, dass meine Klienten bereits \u00fcber die Ressourcen und F\u00e4higkeiten verf\u00fcgen, um positive Ver\u00e4nderungen herbeizuf\u00fchren. Mein Ziel ist es, ihnen zu helfen, diese Ressourcen zu aktivieren und ihr volles Potenzial freizusetzen. Ich unterst\u00fctze sie dabei, ihre eigenen L\u00f6sungen zu finden und selbst die Verantwortung f\u00fcr ihr pers\u00f6nliches Wachstum zu \u00fcbernehmen. Durch meinen einf\u00fchlsamen und ermutigenden Ansatz motiviere ich meine Klienten, ihre Grenzen zu erweitern und neue Wege zu beschreiten.<br \/>Meine Leidenschaft ist es, Menschen dabei zu helfen, ihr Leben selbst in die Hand zu nehmen und positive Ver\u00e4nderungen zu bewirken. Es erf\u00fcllt mich mit Freude und Dankbarkeit, wenn ich sehe, wie meine Kunden ihre Ziele erreichen, ihre Lebensqualit\u00e4t verbessern und ein erf\u00fclltes und gl\u00fcckliches Leben f\u00fchren.<br \/>Wenn Sie an meiner Unterst\u00fctzung interessiert sind oder weitere Fragen haben, z\u00f6gern Sie bitte nicht, mich zu kontaktieren. Ich freue mich darauf, Sie auf Ihrem pers\u00f6nlichen Weg zu begleiten und gemeinsam mit Ihnen zu entdecken, wie wir Ihr volles Potenzial entfalten k\u00f6nnen.<\/p><\/div>\t\t\t\t\t\t\t\t<\/div>\n\t\t\t\t<\/div>\n\t\t\t\t<\/div>\n\t\t\t\t\t<\/div>\n\t\t\t\t<\/div>\n\t\t\t\t<\/div>","protected":false},"excerpt":{"rendered":"<p>Unveil the Eifel-Based Coach Personal Growth and Empowerment I\u2019m Abi Dean \u2014 a certified Wingwave\u00ae and NLP coach with a [&hellip;]<\/p>\n","protected":false},"author":1,"featured_media":0,"parent":0,"menu_order":0,"comment_status":"closed","ping_status":"closed","template":"","meta":{"_monsterinsights_skip_tracking":false,"_monsterinsights_sitenote_active":false,"_monsterinsights_sitenote_note":"","_monsterinsights_sitenote_category":0,"site-sidebar-layout":"no-sidebar","site-content-layout":"","ast-site-content-layout":"full-width-container","site-content-style":"default","site-sidebar-style":"default","ast-global-header-display":"","ast-banner-title-visibility":"","ast-main-header-display":"","ast-hfb-above-header-display":"","ast-hfb-below-header-display":"","ast-hfb-mobile-header-display":"","site-post-title":"disabled","ast-breadcrumbs-content":"","ast-featured-img":"disabled","footer-sml-layout":"","ast-disable-related-posts":"","theme-transparent-header-meta":"default","adv-header-id-meta":"","stick-header-meta":"","header-above-stick-meta":"","header-main-stick-meta":"","header-below-stick-meta":"","astra-migrate-meta-layouts":"set","ast-page-background-enabled":"default","ast-page-background-meta":{"desktop":{"background-color":"var(--ast-global-color-5)","background-image":"","background-repeat":"repeat","background-position":"center center","background-size":"auto","background-attachment":"scroll","background-type":"","background-media":"","overlay-type":"","overlay-color":"","overlay-opacity":"","overlay-gradient":""},"tablet":{"background-color":"","background-image":"","background-repeat":"repeat","background-position":"center center","background-size":"auto","background-attachment":"scroll","background-type":"","background-media":"","overlay-type":"","overlay-color":"","overlay-opacity":"","overlay-gradient":""},"mobile":{"background-color":"","background-image":"","background-repeat":"repeat","background-position":"center center","background-size":"auto","background-attachment":"scroll","background-type":"","background-media":"","overlay-type":"","overlay-color":"","overlay-opacity":"","overlay-gradient":""}},"ast-content-background-meta":{"desktop":{"background-color":"var(--ast-global-color-4)","background-image":"","background-repeat":"repeat","background-position":"center center","background-size":"auto","background-attachment":"scroll","background-type":"","background-media":"","overlay-type":"","overlay-color":"","overlay-opacity":"","overlay-gradient":""},"tablet":{"background-color":"var(--ast-global-color-4)","background-image":"","background-repeat":"repeat","background-position":"center center","background-size":"auto","background-attachment":"scroll","background-type":"","background-media":"","overlay-type":"","overlay-color":"","overlay-opacity":"","overlay-gradient":""},"mobile":{"background-color":"var(--ast-global-color-4)","background-image":"","background-repeat":"repeat","background-position":"center center","background-size":"auto","background-attachment":"scroll","background-type":"","background-media":"","overlay-type":"","overlay-color":"","overlay-opacity":"","overlay-gradient":""}},"footnotes":""},"class_list":["post-11","page","type-page","status-publish","hentry"],"_links":{"self":[{"href":"https:\/\/der-eifelercoach.eu\/de\/wp-json\/wp\/v2\/pages\/11","targetHints":{"allow":["GET"]}}],"collection":[{"href":"https:\/\/der-eifelercoach.eu\/de\/wp-json\/wp\/v2\/pages"}],"about":[{"href":"https:\/\/der-eifelercoach.eu\/de\/wp-json\/wp\/v2\/types\/page"}],"author":[{"embeddable":true,"href":"https:\/\/der-eifelercoach.eu\/de\/wp-json\/wp\/v2\/users\/1"}],"replies":[{"embeddable":true,"href":"https:\/\/der-eifelercoach.eu\/de\/wp-json\/wp\/v2\/comments?post=11"}],"version-history":[{"count":49,"href":"https:\/\/der-eifelercoach.eu\/de\/wp-json\/wp\/v2\/pages\/11\/revisions"}],"predecessor-version":[{"id":2083,"href":"https:\/\/der-eifelercoach.eu\/de\/wp-json\/wp\/v2\/pages\/11\/revisions\/2083"}],"wp:attachment":[{"href":"https:\/\/der-eifelercoach.eu\/de\/wp-json\/wp\/v2\/media?parent=11"}],"curies":[{"name":"wp","href":"https:\/\/api.w.org\/{rel}","templated":true}]}}