{"id":15,"date":"2025-05-25T17:20:52","date_gmt":"2025-05-25T17:20:52","guid":{"rendered":"https:\/\/der-eifelercoach.eu\/?page_id=15"},"modified":"2026-04-28T19:52:55","modified_gmt":"2026-04-28T16:52:55","slug":"privacy-policy","status":"publish","type":"page","link":"https:\/\/der-eifelercoach.eu\/de\/legal-information\/privacy-policy\/","title":{"rendered":"Datenschutzbestimmungen"},"content":{"rendered":"<div data-elementor-type=\"wp-page\" data-elementor-id=\"15\" class=\"elementor elementor-15\" data-elementor-post-type=\"page\">\n\t\t\t\t<div class=\"elementor-element elementor-element-7c305ca coach-container e-flex e-con-boxed e-con e-parent\" data-id=\"7c305ca\" data-element_type=\"container\" data-e-type=\"container\" data-settings=\"{&quot;background_background&quot;:&quot;classic&quot;}\">\n\t\t\t\t\t<div class=\"e-con-inner\">\n\t\t\t\t<div class=\"elementor-element elementor-element-3846ecf elementor-widget elementor-widget-heading\" data-id=\"3846ecf\" data-element_type=\"widget\" data-e-type=\"widget\" data-widget_type=\"heading.default\">\n\t\t\t\t<div class=\"elementor-widget-container\">\n\t\t\t\t\t<h2 class=\"elementor-heading-title elementor-size-default\">Privacy Policy \u2013 Your Privacy Matters<\/h2>\t\t\t\t<\/div>\n\t\t\t\t<\/div>\n\t\t\t\t\t<\/div>\n\t\t\t\t<\/div>\n\t\t<div class=\"elementor-element elementor-element-a7cad28 e-flex e-con-boxed e-con e-parent\" data-id=\"a7cad28\" data-element_type=\"container\" data-e-type=\"container\">\n\t\t\t\t\t<div class=\"e-con-inner\">\n\t\t\t\t<div class=\"elementor-element elementor-element-07511c1 elementor-widget elementor-widget-text-editor\" data-id=\"07511c1\" data-element_type=\"widget\" data-e-type=\"widget\" data-widget_type=\"text-editor.default\">\n\t\t\t\t<div class=\"elementor-widget-container\">\n\t\t\t\t\t\t\t\t\t<h6>Datenschutzbeauftragter<\/h6><p>Die Website der-eifelercoach.eu wird von Herrn Abi Saloom Dean betrieben, der f\u00fcr Ihre pers\u00f6nlichen Daten verantwortlich ist.<br \/>Wir verweisen auf diese Datenschutzrichtlinie, die regelt, wie wir die auf der Website der-eifelercoach.eu gesammelten Informationen verarbeiten, und die auch die Gr\u00fcnde nennt, warum wir bestimmte personenbezogene Daten von Ihnen erheben m\u00fcssen. Bitte lesen Sie daher diese Datenschutzerkl\u00e4rung, bevor Sie die der-eifelercoach.eu-Website nutzen.<br \/>Ihre pers\u00f6nlichen Daten sind uns wichtig und wir verpflichten uns, ihre Vertraulichkeit und Sicherheit zu gew\u00e4hrleisten.<\/p><h6>Pers\u00f6nliche Daten, die wir sammeln:<\/h6><p>Wenn Sie der-eifelercoach.eu besuchen, erfassen wir automatisch bestimmte Informationen \u00fcber Ihr Ger\u00e4t, einschlie\u00dflich Informationen \u00fcber Ihren Webbrowser, Ihre IP-Adresse, Ihre Zeitzone und einige der auf Ihrem Ger\u00e4t installierten Cookies. Wenn Sie auf der Website surfen, sammeln wir au\u00dferdem Informationen \u00fcber die einzelnen Webseiten oder Produkte, die Sie sich ansehen, die Websites oder Suchbegriffe, die Sie auf die Website verwiesen haben, und wie Sie mit der Website interagieren. Wir bezeichnen diese automatisch erfassten Informationen als \u201cGer\u00e4teinformationen\u201d. Dar\u00fcber hinaus k\u00f6nnen wir die personenbezogenen Daten erfassen, die Sie uns w\u00e4hrend des Registrierungsprozesses zur Verf\u00fcgung stellen (einschlie\u00dflich, aber nicht beschr\u00e4nkt auf Name, Vorname, Adresse, Zahlungsinformationen usw.), um den Vertrag zu erf\u00fcllen.<\/p><h6>Warum verarbeiten wir Ihre Daten?<\/h6><p>Unsere oberste Priorit\u00e4t ist die Sicherheit der Kundendaten. Deshalb d\u00fcrfen wir nur ein Minimum an Nutzerdaten verarbeiten, n\u00e4mlich nur so viel, wie zur Aufrechterhaltung der Website unbedingt erforderlich ist. Automatisch gesammelte Informationen werden nur verwendet, um potenzielle Missbrauchsf\u00e4lle zu erkennen und um statistische Informationen \u00fcber die Nutzung der Website zu erstellen. Diese statistischen Informationen werden nicht aggregiert, um einen bestimmten Benutzer des Systems zu identifizieren.<br \/>Sie k\u00f6nnen die Website besuchen, ohne uns mitzuteilen, wer Sie sind, oder Informationen preiszugeben, anhand derer man Sie als eine bestimmte, identifizierbare Person identifizieren k\u00f6nnte. Wenn Sie jedoch einige Funktionen der Website nutzen, unseren Newsletter erhalten oder weitere Informationen durch Ausf\u00fcllen eines Formulars bereitstellen m\u00f6chten, k\u00f6nnen Sie uns personenbezogene Daten wie Ihre E-Mail-Adresse, Ihren Vornamen, Ihren Nachnamen, Ihren Wohnort, Ihre Organisation und Ihre Telefonnummer mitteilen. Sie k\u00f6nnen sich daf\u00fcr entscheiden, uns Ihre personenbezogenen Daten nicht zur Verf\u00fcgung zu stellen, aber dann k\u00f6nnen Sie m\u00f6glicherweise nicht alle Funktionen der Website nutzen. So k\u00f6nnen Sie zum Beispiel unseren Newsletter nicht erhalten oder uns direkt von der Website aus kontaktieren. Benutzer, die sich nicht sicher sind, welche Informationen obligatorisch sind, k\u00f6nnen uns unter abisaloom.dean@der-eifelercoach.eu kontaktieren.<\/p><h6>Ihre Rechte:<\/h6><p>Wenn Sie Ihren Wohnsitz in Europa haben, haben Sie die folgenden Rechte in Bezug auf Ihre personenbezogenen Daten:<\/p><ul><li>Das Recht, informiert zu werden.<\/li><li>Das Recht auf Zugang zu Ihren gespeicherten Daten.<\/li><li>Das Recht auf Berichtigung.<\/li><li>Das Recht auf L\u00f6schung.<\/li><li>Das Recht auf Einschr\u00e4nkung der Verarbeitung.<\/li><li>Das Recht auf Daten\u00fcbertragbarkeit.<\/li><li>Das Recht auf Widerspruch.<\/li><li>Rechte im Zusammenhang mit der automatisierten Entscheidungsfindung und dem Profiling.<\/li><\/ul><p>Wenn Sie eines dieser Rechte aus\u00fcben m\u00f6chten, wenden Sie sich bitte an uns, indem Sie die hier angegebenen Kontaktinformationen verwenden.<br \/>Wenn Sie Ihren Wohnsitz in Europa haben, beachten Sie bitte au\u00dferdem, dass wir Ihre Daten verarbeiten, um Vertr\u00e4ge zu erf\u00fcllen, die wir mit Ihnen geschlossen haben (z. B. wenn Sie \u00fcber unsere Website Online-Beratungs- oder Coaching-Dienste in Anspruch nehmen m\u00f6chten), oder um unsere berechtigten Gesch\u00e4ftsinteressen zu verfolgen, wie oben aufgef\u00fchrt. Bitte beachten Sie auch, dass Ihre Daten au\u00dferhalb Europas, unter anderem nach Kanada und in die Vereinigten Staaten, \u00fcbermittelt werden k\u00f6nnen.<\/p><h6>Links zu anderen Websites:<\/h6><p>Unsere Website kann Links zu anderen Websites enthalten, die nicht von uns betrieben oder kontrolliert werden. Bitte beachten Sie, dass wir f\u00fcr solche anderen Websites oder die Datenschutzpraktiken Dritter nicht verantwortlich sind. Wir empfehlen Ihnen, beim Verlassen unserer Website die Datenschutzrichtlinien jeder Website zu lesen, die personenbezogene Daten erfassen kann.<\/p><h6>Informationssicherheit:<\/h6><p>Wir sichern die von Ihnen bereitgestellten Informationen auf Computerservern in einer kontrollierten, sicheren Umgebung, die vor unbefugtem Zugriff, unbefugter Nutzung oder Offenlegung gesch\u00fctzt ist. Wir ergreifen angemessene administrative, technische und physische Sicherheitsma\u00dfnahmen, um den unbefugten Zugriff, die unbefugte Nutzung, \u00c4nderung und Offenlegung von personenbezogenen Daten zu verhindern. Es kann jedoch keine absolute Sicherheit f\u00fcr Daten\u00fcbertragungen \u00fcber das Internet oder drahtlose Netzwerke geben.<br \/>Rechtliche Offenlegung der gesammelten Daten:<br \/>Wir werden die von uns gesammelten Informationen verwenden oder offenlegen, wenn dies gesetzlich vorgeschrieben oder erlaubt ist, z. B. um einer Vorladung oder einem \u00e4hnlichen rechtlichen Verfahren nachzukommen, und wenn wir in gutem Glauben davon ausgehen, dass die Offenlegung notwendig ist, um unsere Rechte, Ihre Sicherheit oder die Sicherheit anderer zu sch\u00fctzen, Betrug zu untersuchen oder auf eine beh\u00f6rdliche Anfrage zu reagieren.<\/p><h6>Kontaktinformationen:<\/h6><p>Wenn Sie mehr \u00fcber diese Richtlinie erfahren m\u00f6chten oder uns bez\u00fcglich Ihrer Rechte und Ihrer pers\u00f6nlichen Daten kontaktieren m\u00f6chten, senden Sie uns bitte eine E-Mail an <a href=\"mailto:info@der-eifelercoach.eu\"> Infos<\/a>.<\/p>\t\t\t\t\t\t\t\t<\/div>\n\t\t\t\t<\/div>\n\t\t\t\t\t<\/div>\n\t\t\t\t<\/div>\n\t\t\t\t<\/div>","protected":false},"excerpt":{"rendered":"<p>Privacy Policy \u2013 Your Privacy Matters Data Protection Officer The website der-eifelercoach.eu is operated by Mr. Abi Saloom Dean, who [&hellip;]<\/p>\n","protected":false},"author":1,"featured_media":0,"parent":160,"menu_order":0,"comment_status":"closed","ping_status":"closed","template":"","meta":{"_monsterinsights_skip_tracking":false,"_monsterinsights_sitenote_active":false,"_monsterinsights_sitenote_note":"","_monsterinsights_sitenote_category":0,"site-sidebar-layout":"no-sidebar","site-content-layout":"","ast-site-content-layout":"full-width-container","site-content-style":"default","site-sidebar-style":"default","ast-global-header-display":"","ast-banner-title-visibility":"","ast-main-header-display":"","ast-hfb-above-header-display":"","ast-hfb-below-header-display":"","ast-hfb-mobile-header-display":"","site-post-title":"disabled","ast-breadcrumbs-content":"","ast-featured-img":"disabled","footer-sml-layout":"","ast-disable-related-posts":"","theme-transparent-header-meta":"default","adv-header-id-meta":"","stick-header-meta":"","header-above-stick-meta":"","header-main-stick-meta":"","header-below-stick-meta":"","astra-migrate-meta-layouts":"set","ast-page-background-enabled":"default","ast-page-background-meta":{"desktop":{"background-color":"var(--ast-global-color-5)","background-image":"","background-repeat":"repeat","background-position":"center center","background-size":"auto","background-attachment":"scroll","background-type":"","background-media":"","overlay-type":"","overlay-color":"","overlay-opacity":"","overlay-gradient":""},"tablet":{"background-color":"","background-image":"","background-repeat":"repeat","background-position":"center center","background-size":"auto","background-attachment":"scroll","background-type":"","background-media":"","overlay-type":"","overlay-color":"","overlay-opacity":"","overlay-gradient":""},"mobile":{"background-color":"","background-image":"","background-repeat":"repeat","background-position":"center center","background-size":"auto","background-attachment":"scroll","background-type":"","background-media":"","overlay-type":"","overlay-color":"","overlay-opacity":"","overlay-gradient":""}},"ast-content-background-meta":{"desktop":{"background-color":"var(--ast-global-color-4)","background-image":"","background-repeat":"repeat","background-position":"center center","background-size":"auto","background-attachment":"scroll","background-type":"","background-media":"","overlay-type":"","overlay-color":"","overlay-opacity":"","overlay-gradient":""},"tablet":{"background-color":"var(--ast-global-color-4)","background-image":"","background-repeat":"repeat","background-position":"center center","background-size":"auto","background-attachment":"scroll","background-type":"","background-media":"","overlay-type":"","overlay-color":"","overlay-opacity":"","overlay-gradient":""},"mobile":{"background-color":"var(--ast-global-color-4)","background-image":"","background-repeat":"repeat","background-position":"center center","background-size":"auto","background-attachment":"scroll","background-type":"","background-media":"","overlay-type":"","overlay-color":"","overlay-opacity":"","overlay-gradient":""}},"footnotes":""},"class_list":["post-15","page","type-page","status-publish","hentry"],"_links":{"self":[{"href":"https:\/\/der-eifelercoach.eu\/de\/wp-json\/wp\/v2\/pages\/15","targetHints":{"allow":["GET"]}}],"collection":[{"href":"https:\/\/der-eifelercoach.eu\/de\/wp-json\/wp\/v2\/pages"}],"about":[{"href":"https:\/\/der-eifelercoach.eu\/de\/wp-json\/wp\/v2\/types\/page"}],"author":[{"embeddable":true,"href":"https:\/\/der-eifelercoach.eu\/de\/wp-json\/wp\/v2\/users\/1"}],"replies":[{"embeddable":true,"href":"https:\/\/der-eifelercoach.eu\/de\/wp-json\/wp\/v2\/comments?post=15"}],"version-history":[{"count":15,"href":"https:\/\/der-eifelercoach.eu\/de\/wp-json\/wp\/v2\/pages\/15\/revisions"}],"predecessor-version":[{"id":2079,"href":"https:\/\/der-eifelercoach.eu\/de\/wp-json\/wp\/v2\/pages\/15\/revisions\/2079"}],"up":[{"embeddable":true,"href":"https:\/\/der-eifelercoach.eu\/de\/wp-json\/wp\/v2\/pages\/160"}],"wp:attachment":[{"href":"https:\/\/der-eifelercoach.eu\/de\/wp-json\/wp\/v2\/media?parent=15"}],"curies":[{"name":"wp","href":"https:\/\/api.w.org\/{rel}","templated":true}]}}