{"id":21,"date":"2025-05-25T17:24:41","date_gmt":"2025-05-25T17:24:41","guid":{"rendered":"https:\/\/der-eifelercoach.eu\/?page_id=21"},"modified":"2026-04-28T20:40:35","modified_gmt":"2026-04-28T17:40:35","slug":"hrv-biofeedback","status":"publish","type":"page","link":"https:\/\/der-eifelercoach.eu\/de\/services\/hrv-biofeedback\/","title":{"rendered":"HRV und Biofeedback"},"content":{"rendered":"<div data-elementor-type=\"wp-page\" data-elementor-id=\"21\" class=\"elementor elementor-21\" data-elementor-post-type=\"page\">\n\t\t\t\t<div class=\"elementor-element elementor-element-d51a23b coach-container e-flex e-con-boxed e-con e-parent\" data-id=\"d51a23b\" data-element_type=\"container\" data-e-type=\"container\" data-settings=\"{&quot;background_background&quot;:&quot;classic&quot;}\">\n\t\t\t\t\t<div class=\"e-con-inner\">\n\t\t\t\t<div class=\"elementor-element elementor-element-ab5c449 elementor-widget elementor-widget-heading\" data-id=\"ab5c449\" data-element_type=\"widget\" data-e-type=\"widget\" data-widget_type=\"heading.default\">\n\t\t\t\t<div class=\"elementor-widget-container\">\n\t\t\t\t\t<h1 class=\"elementor-heading-title elementor-size-default\">HRV und Biofeedback<\/h1>\t\t\t\t<\/div>\n\t\t\t\t<\/div>\n\t\t\t\t<div class=\"elementor-element elementor-element-8a01108 elementor-widget elementor-widget-heading\" data-id=\"8a01108\" data-element_type=\"widget\" data-e-type=\"widget\" data-widget_type=\"heading.default\">\n\t\t\t\t<div class=\"elementor-widget-container\">\n\t\t\t\t\t<h2 class=\"elementor-heading-title elementor-size-default\">Mit HRV-Biofeedback k\u00f6nnen Sie erkennen, wie Ihr Herz und Ihr Geist auf Stress reagieren - und wie Sie sie bewusst wieder ins Gleichgewicht bringen k\u00f6nnen.<\/h2>\t\t\t\t<\/div>\n\t\t\t\t<\/div>\n\t\t\t\t\t<\/div>\n\t\t\t\t<\/div>\n\t\t<div class=\"elementor-element elementor-element-85259e3 e-flex e-con-boxed e-con e-parent\" data-id=\"85259e3\" data-element_type=\"container\" data-e-type=\"container\">\n\t\t\t\t\t<div class=\"e-con-inner\">\n\t\t<div class=\"elementor-element elementor-element-3175831 e-con-full e-flex e-con e-child\" data-id=\"3175831\" data-element_type=\"container\" data-e-type=\"container\">\n\t\t\t\t<div class=\"elementor-element elementor-element-e381a62 elementor-widget elementor-widget-image\" data-id=\"e381a62\" data-element_type=\"widget\" data-e-type=\"widget\" data-widget_type=\"image.default\">\n\t\t\t\t<div class=\"elementor-widget-container\">\n\t\t\t\t\t\t\t\t\t\t\t\t\t\t\t<img fetchpriority=\"high\" decoding=\"async\" width=\"1024\" height=\"802\" src=\"https:\/\/der-eifelercoach.eu\/wp-content\/uploads\/2025\/05\/HRV-1024x802.png\" class=\"attachment-large size-large wp-image-269\" alt=\"\" srcset=\"https:\/\/der-eifelercoach.eu\/wp-content\/uploads\/2025\/05\/HRV-1024x802.png 1024w, https:\/\/der-eifelercoach.eu\/wp-content\/uploads\/2025\/05\/HRV-300x235.png 300w, https:\/\/der-eifelercoach.eu\/wp-content\/uploads\/2025\/05\/HRV-768x602.png 768w, https:\/\/der-eifelercoach.eu\/wp-content\/uploads\/2025\/05\/HRV-1536x1203.png 1536w, https:\/\/der-eifelercoach.eu\/wp-content\/uploads\/2025\/05\/HRV-2048x1604.png 2048w\" sizes=\"(max-width: 1024px) 100vw, 1024px\" \/>\t\t\t\t\t\t\t\t\t\t\t\t\t\t\t<\/div>\n\t\t\t\t<\/div>\n\t\t\t\t<\/div>\n\t\t<div class=\"elementor-element elementor-element-95de56b e-con-full e-flex e-con e-child\" data-id=\"95de56b\" data-element_type=\"container\" data-e-type=\"container\">\n\t\t\t\t<div class=\"elementor-element elementor-element-0a8bb3f elementor-widget elementor-widget-text-editor\" data-id=\"0a8bb3f\" data-element_type=\"widget\" data-e-type=\"widget\" data-widget_type=\"text-editor.default\">\n\t\t\t\t<div class=\"elementor-widget-container\">\n\t\t\t\t\t\t\t\t\t<p>In unserer schnelllebigen, von Stress gepr\u00e4gten Welt kann sich die Aufrechterhaltung des k\u00f6rperlichen und emotionalen Wohlbefindens wie ein harter Kampf anf\u00fchlen. Aber was w\u00e4re, wenn Sie Ihren K\u00f6rper trainieren k\u00f6nnten, sich selbst zu regulieren, Stress zu reduzieren und die Widerstandsf\u00e4higkeit zu verbessern - mit Echtzeit-Feedback von Ihrem eigenen Nervensystem?<br \/>Hier kommen Herzfrequenzvariabilit\u00e4t (HRV) und Biofeedback ins Spiel. Diese hochmodernen, wissenschaftlich fundierten Techniken erm\u00f6glichen es Ihnen, Ihre Gesundheit selbst in die Hand zu nehmen, indem Sie die Kraft der nat\u00fcrlichen Rhythmen Ihres K\u00f6rpers nutzen. Wenn Sie nach einer M\u00f6glichkeit suchen, Ihr Stressmanagement zu verbessern, Ihre Leistung zu steigern oder Ihr allgemeines Wohlbefinden zu verbessern, k\u00f6nnte HRV-Biofeedback der Schl\u00fcssel sein.<\/p><h4>Was ist HRV (Herzfrequenzvariabilit\u00e4t)?<\/h4><p>Die Herzfrequenzvariabilit\u00e4t (HRV) misst die leichten zeitlichen Schwankungen zwischen den einzelnen Herzschl\u00e4gen. Anders als ein Metronom schl\u00e4gt ein gesundes Herz nicht mit einer perfekt gleichm\u00e4\u00dfigen Rate - diese subtilen Schwankungen sind ein Zeichen f\u00fcr ein reaktionsf\u00e4higes, anpassungsf\u00e4higes Nervensystem.<\/p>\t\t\t\t\t\t\t\t<\/div>\n\t\t\t\t<\/div>\n\t\t\t\t<\/div>\n\t\t\t\t\t<\/div>\n\t\t\t\t<\/div>\n\t\t<div class=\"elementor-element elementor-element-2ca3026 e-flex e-con-boxed e-con e-parent\" data-id=\"2ca3026\" data-element_type=\"container\" data-e-type=\"container\">\n\t\t\t\t\t<div class=\"e-con-inner\">\n\t\t\t\t<div class=\"elementor-element elementor-element-c5e75e9 elementor-widget-tablet__width-initial elementor-widget elementor-widget-text-editor\" data-id=\"c5e75e9\" data-element_type=\"widget\" data-e-type=\"widget\" data-widget_type=\"text-editor.default\">\n\t\t\t\t<div class=\"elementor-widget-container\">\n\t\t\t\t\t\t\t\t\t<h4>Warum ist die HRV wichtig?<\/h4><ul><li>Eine hohe HRV weist auf ein starkes, ausgeglichenes autonomes Nervensystem (ANS) hin, d. h. Ihr K\u00f6rper schaltet effizient zwischen Stress (Sympathikus) und Entspannung (Parasympathikus) um.<\/li><li>Eine niedrige HRV wird mit chronischem Stress, M\u00fcdigkeit, Angstzust\u00e4nden und sogar kardiovaskul\u00e4ren Risiken in Verbindung gebracht.<\/li><\/ul><p>Die HRV ist ein leistungsf\u00e4higer Biomarker f\u00fcr Belastbarkeit, Erholung und allgemeine Gesundheit, der von Sportlern, CEOs und Wellness-Experten gleicherma\u00dfen genutzt wird.<\/p><h4>Was ist Biofeedback?<\/h4><p>Biofeedback ist eine Technik, bei der physiologische Funktionen (wie Herzfrequenz, Muskelspannung oder Gehirnstr\u00f6me) in Echtzeit \u00fcberwacht werden, um Ihnen zu helfen, unwillk\u00fcrliche Prozesse bewusst zu steuern.<\/p><h4>Arten von Biofeedback<\/h4><ol><li>HRV-Biofeedback - Trainiert die Optimierung der Herzfrequenzmuster zum Stressabbau.<\/li><li>Neurofeedback (EEG-Biofeedback) - Konzentriert sich auf die Regulierung der Gehirnstr\u00f6me f\u00fcr Konzentration und Entspannung.<\/li><li>EMG-Biofeedback - Misst die Muskelspannung, n\u00fctzlich f\u00fcr die Schmerzbehandlung.<\/li><li>Thermisches Biofeedback - misst die Hauttemperatur, wird h\u00e4ufig bei Migr\u00e4ne und Kreislaufproblemen eingesetzt.<\/li><\/ol><p>Insbesondere das HRV-Biofeedback hat an Popularit\u00e4t gewonnen, da es die emotionale Regulation, die sportliche Leistung und sogar die Immunfunktion verbessern kann.<\/p><h4>Wie funktioniert HRV-Biofeedback?<\/h4><p>Mit Hilfe spezieller Sensoren (oft \u00fcber ein tragbares Ger\u00e4t oder eine klinische Ausr\u00fcstung) liefert das HRV-Biofeedback sofortige Daten \u00fcber Ihren Herzrhythmus. Durch gef\u00fchrte Atem- und Achtsamkeitstechniken lernen Sie,:<\/p><ul><li>Erh\u00f6hung der HRV durch Aktivierung des parasympathischen Systems (Ruhe und Verdauung).<\/li><li>Reduzieren Sie Stressreaktionen, indem Sie das autonome Nervensystem ausgleichen.<\/li><li>Verbessert die geistige Klarheit, den Schlaf und die Erholung.<\/li><\/ul><h4>Die Wissenschaft hinter dem HRV-Training<\/h4><p>Studien zeigen, dass HRV-Biofeedback dies kann:<\/p><ul><li>Weniger Angstzust\u00e4nde und Depressionen (APA-Studien)<\/li><li>Verbesserung der sportlichen Ausdauer und Erholung (Journal of Strength &amp; Conditioning)<\/li><li>Verbesserte Konzentration und emotionale Regulierung (Frontiers in Neuroscience)<\/li><li>Unterst\u00fctzt die Gesundheit des Herzens und die Regulierung des Blutdrucks (Harvard Medical School)<\/li><\/ul><h4>Die wichtigsten Vorteile von HRV und Biofeedback<\/h4><ol><li>Stress- und Angstabbau Chronischer Stress h\u00e4lt den K\u00f6rper in einem \u201cKampf-oder-Flucht\u201d-Modus, der die Energie verbraucht und die Immunit\u00e4t schw\u00e4cht. Mit HRV-Biofeedback lernen Sie, in ruhige, kontrollierte Zust\u00e4nde zu wechseln, Cortisol zu reduzieren und die emotionale Belastbarkeit zu verbessern.<\/li><li>Verbesserte sportliche und geistige Leistung <br \/>Spitzensportler, Milit\u00e4rangeh\u00f6rige und F\u00fchrungskr\u00e4fte nutzen HRV-Training, um:<\/li><\/ol><ul><li>Optimierung der Wiederherstellung<\/li><li>Ausdauer steigern<\/li><li>Sch\u00e4rfung der Entscheidungsfindung unter Druck\u00a0<\/li><\/ul><p>3. Verbesserter Schlaf und Erholung <br \/>Das HRV-Biofeedback trainiert Ihr Nervensystem, sich zu entspannen:<\/p><ul><li>Schlafzyklen regulieren<\/li><li>Verringerung der Schlaflosigkeit<\/li><li>Beschleunigung der Erholung nach dem Training<\/li><\/ul><p>4. Bessere emotionale und kognitive Funktion <br \/>Die Forschung verbindet hohe HRV mit:<\/p><ul><li>H\u00f6here emotionale Intelligenz<\/li><li>Verringerung der Symptome von ADHS und PTSD<\/li><li>Verbessertes Ged\u00e4chtnis und bessere Konzentration<\/li><\/ul><p>5. Unterst\u00fctzung des Herz-Kreislauf-Systems und des Immunsystems <br \/>Der Ausgleich des ANS durch HRV-Training kann:<\/p><ul><li>Senkung des Blutdrucks<\/li><li>Verringerung der Entz\u00fcndung<\/li><li>St\u00e4rkung der Immunantwort<\/li><\/ul><p>Was Sie bei einer HRV-Biofeedback-Sitzung erwarten k\u00f6nnen <br \/>Wenn Sie ein professionelles HRV-Biofeedback-Training in Erw\u00e4gung ziehen, gehen Sie folgenderma\u00dfen vor:<\/p><ol><li>Erstbewertung - Ihre HRV-Basislinie wird gemessen, um Stressmuster zu erkennen.<\/li><li>Echtzeit-\u00dcberwachung - Sensoren verfolgen Ihre Herzfrequenz, w\u00e4hrend Sie Atemtechniken \u00fcben.<\/li><li>Gef\u00fchrtes Training - Sie lernen, Ihre HRV durch rhythmische Atmung, Meditation oder Visualisierung zu beeinflussen.<\/li><li>Fortschrittskontrolle - Mit der Zeit helfen Ihnen die Sitzungen, eine dauerhafte Widerstandsf\u00e4higkeit Ihres Nervensystems aufzubauen.<\/li><\/ol><p>Viele Kunden berichten, dass sie sich bereits nach wenigen Sitzungen ruhiger, konzentrierter und k\u00f6rperlich verj\u00fcngt f\u00fchlen.<\/p><p>Wer kann von HRV-Biofeedback profitieren?<\/p><ul><li>Fachkr\u00e4fte, die unter hohem Arbeitsdruck stehen<\/li><li>Athleten, die Spitzenleistungen erbringen und sich schneller erholen wollen<\/li><li>Menschen, die unter chronischem Stress und Angstzust\u00e4nden leiden<\/li><li>Personen mit Schlaflosigkeit oder M\u00fcdigkeit<\/li><li>Personen, die sich von einer Krankheit oder Verletzung erholen<\/li><\/ul><p>Warum HRV-Biofeedback w\u00e4hlen? <br \/>\u2714 Nicht-invasiv und medikamentenfrei <br \/>\u2714 Evidenzbasiert und wissenschaftlich validiert <br \/>\u2714 Personalisiert auf Ihre einzigartige Physiologie <br \/>\u2714 Langfristige F\u00e4higkeiten zur Selbstregulierung<\/p><h4>Schlussfolgerung<\/h4><p>HRV und Biofeedback bieten eine revolution\u00e4re M\u00f6glichkeit, Ihre Gesundheit in die Hand zu nehmen, indem Sie *mit* den nat\u00fcrlichen Rhythmen Ihres K\u00f6rpers arbeiten - und nicht gegen sie. Ganz gleich, ob Sie Stress abbauen, Ihre Leistung steigern oder sich einfach ausgeglichener f\u00fchlen m\u00f6chten - diese leistungsstarke Methode kann Ihnen helfen, dauerhaftes Wohlbefinden zu erreichen.<br \/>Sind Sie bereit, sich die Kraft des HRV-Trainings zunutze zu machen? Setzen Sie sich noch heute mit mir in Verbindung, um eine Sitzung zu vereinbaren und Ihre Reise zu einem optimalen Gleichgewicht des Nervensystems zu beginnen!<\/p>\t\t\t\t\t\t\t\t<\/div>\n\t\t\t\t<\/div>\n\t\t\t\t\t<\/div>\n\t\t\t\t<\/div>\n\t\t\t\t<\/div>","protected":false},"excerpt":{"rendered":"<p>HRV &amp; Biofeedback HRV Biofeedback allows you to see how your heart and mind respond to stress \u2014 and how [&hellip;]<\/p>\n","protected":false},"author":1,"featured_media":0,"parent":13,"menu_order":0,"comment_status":"closed","ping_status":"closed","template":"","meta":{"_monsterinsights_skip_tracking":false,"_monsterinsights_sitenote_active":false,"_monsterinsights_sitenote_note":"","_monsterinsights_sitenote_category":0,"site-sidebar-layout":"no-sidebar","site-content-layout":"","ast-site-content-layout":"full-width-container","site-content-style":"default","site-sidebar-style":"default","ast-global-header-display":"","ast-banner-title-visibility":"","ast-main-header-display":"","ast-hfb-above-header-display":"","ast-hfb-below-header-display":"","ast-hfb-mobile-header-display":"","site-post-title":"disabled","ast-breadcrumbs-content":"","ast-featured-img":"disabled","footer-sml-layout":"","ast-disable-related-posts":"","theme-transparent-header-meta":"default","adv-header-id-meta":"","stick-header-meta":"","header-above-stick-meta":"","header-main-stick-meta":"","header-below-stick-meta":"","astra-migrate-meta-layouts":"set","ast-page-background-enabled":"default","ast-page-background-meta":{"desktop":{"background-color":"var(--ast-global-color-5)","background-image":"","background-repeat":"repeat","background-position":"center center","background-size":"auto","background-attachment":"scroll","background-type":"","background-media":"","overlay-type":"","overlay-color":"","overlay-opacity":"","overlay-gradient":""},"tablet":{"background-color":"","background-image":"","background-repeat":"repeat","background-position":"center center","background-size":"auto","background-attachment":"scroll","background-type":"","background-media":"","overlay-type":"","overlay-color":"","overlay-opacity":"","overlay-gradient":""},"mobile":{"background-color":"","background-image":"","background-repeat":"repeat","background-position":"center center","background-size":"auto","background-attachment":"scroll","background-type":"","background-media":"","overlay-type":"","overlay-color":"","overlay-opacity":"","overlay-gradient":""}},"ast-content-background-meta":{"desktop":{"background-color":"var(--ast-global-color-4)","background-image":"","background-repeat":"repeat","background-position":"center center","background-size":"auto","background-attachment":"scroll","background-type":"","background-media":"","overlay-type":"","overlay-color":"","overlay-opacity":"","overlay-gradient":""},"tablet":{"background-color":"var(--ast-global-color-4)","background-image":"","background-repeat":"repeat","background-position":"center center","background-size":"auto","background-attachment":"scroll","background-type":"","background-media":"","overlay-type":"","overlay-color":"","overlay-opacity":"","overlay-gradient":""},"mobile":{"background-color":"var(--ast-global-color-4)","background-image":"","background-repeat":"repeat","background-position":"center center","background-size":"auto","background-attachment":"scroll","background-type":"","background-media":"","overlay-type":"","overlay-color":"","overlay-opacity":"","overlay-gradient":""}},"footnotes":""},"class_list":["post-21","page","type-page","status-publish","hentry"],"_links":{"self":[{"href":"https:\/\/der-eifelercoach.eu\/de\/wp-json\/wp\/v2\/pages\/21","targetHints":{"allow":["GET"]}}],"collection":[{"href":"https:\/\/der-eifelercoach.eu\/de\/wp-json\/wp\/v2\/pages"}],"about":[{"href":"https:\/\/der-eifelercoach.eu\/de\/wp-json\/wp\/v2\/types\/page"}],"author":[{"embeddable":true,"href":"https:\/\/der-eifelercoach.eu\/de\/wp-json\/wp\/v2\/users\/1"}],"replies":[{"embeddable":true,"href":"https:\/\/der-eifelercoach.eu\/de\/wp-json\/wp\/v2\/comments?post=21"}],"version-history":[{"count":44,"href":"https:\/\/der-eifelercoach.eu\/de\/wp-json\/wp\/v2\/pages\/21\/revisions"}],"predecessor-version":[{"id":2100,"href":"https:\/\/der-eifelercoach.eu\/de\/wp-json\/wp\/v2\/pages\/21\/revisions\/2100"}],"up":[{"embeddable":true,"href":"https:\/\/der-eifelercoach.eu\/de\/wp-json\/wp\/v2\/pages\/13"}],"wp:attachment":[{"href":"https:\/\/der-eifelercoach.eu\/de\/wp-json\/wp\/v2\/media?parent=21"}],"curies":[{"name":"wp","href":"https:\/\/api.w.org\/{rel}","templated":true}]}}