{"id":25,"date":"2025-05-25T17:25:37","date_gmt":"2025-05-25T17:25:37","guid":{"rendered":"https:\/\/der-eifelercoach.eu\/?page_id=25"},"modified":"2026-04-28T20:57:27","modified_gmt":"2026-04-28T17:57:27","slug":"neurofeedback-meditation","status":"publish","type":"page","link":"https:\/\/der-eifelercoach.eu\/de\/services\/neurofeedback-meditation\/","title":{"rendered":"Neurofeedback und Meditation"},"content":{"rendered":"<div data-elementor-type=\"wp-page\" data-elementor-id=\"25\" class=\"elementor elementor-25\" data-elementor-post-type=\"page\">\n\t\t\t\t<div class=\"elementor-element elementor-element-a7652b9 coach-container e-flex e-con-boxed e-con e-parent\" data-id=\"a7652b9\" data-element_type=\"container\" data-e-type=\"container\" data-settings=\"{&quot;background_background&quot;:&quot;classic&quot;}\">\n\t\t\t\t\t<div class=\"e-con-inner\">\n\t\t\t\t<div class=\"elementor-element elementor-element-f480a4e elementor-widget elementor-widget-heading\" data-id=\"f480a4e\" data-element_type=\"widget\" data-e-type=\"widget\" data-widget_type=\"heading.default\">\n\t\t\t\t<div class=\"elementor-widget-container\">\n\t\t\t\t\t<h1 class=\"elementor-heading-title elementor-size-default\">Neurofeedback und Meditation<\/h1>\t\t\t\t<\/div>\n\t\t\t\t<\/div>\n\t\t\t\t<div class=\"elementor-element elementor-element-9bf3fe5 elementor-widget-tablet__width-initial elementor-widget elementor-widget-heading\" data-id=\"9bf3fe5\" data-element_type=\"widget\" data-e-type=\"widget\" data-widget_type=\"heading.default\">\n\t\t\t\t<div class=\"elementor-widget-container\">\n\t\t\t\t\t<h2 class=\"elementor-heading-title elementor-size-default\">Neurofeedback und Meditation helfen Ihnen, den Geist zu beruhigen und die mentale Klarheit f\u00fcr die Herausforderungen des Alltags zu st\u00e4rken.<\/h2>\t\t\t\t<\/div>\n\t\t\t\t<\/div>\n\t\t\t\t\t<\/div>\n\t\t\t\t<\/div>\n\t\t<div class=\"elementor-element elementor-element-e243209 e-flex e-con-boxed e-con e-parent\" data-id=\"e243209\" data-element_type=\"container\" data-e-type=\"container\">\n\t\t\t\t\t<div class=\"e-con-inner\">\n\t\t<div class=\"elementor-element elementor-element-a272f5d e-con-full e-flex e-con e-child\" data-id=\"a272f5d\" data-element_type=\"container\" data-e-type=\"container\">\n\t\t\t\t<div class=\"elementor-element elementor-element-bf3bad3 elementor-widget elementor-widget-image\" data-id=\"bf3bad3\" data-element_type=\"widget\" data-e-type=\"widget\" data-widget_type=\"image.default\">\n\t\t\t\t<div class=\"elementor-widget-container\">\n\t\t\t\t\t\t\t\t\t\t\t\t\t\t\t<img fetchpriority=\"high\" decoding=\"async\" width=\"1024\" height=\"802\" src=\"https:\/\/der-eifelercoach.eu\/wp-content\/uploads\/2025\/05\/Neurofeedback-1024x802.png\" class=\"attachment-large size-large wp-image-325\" alt=\"\" srcset=\"https:\/\/der-eifelercoach.eu\/wp-content\/uploads\/2025\/05\/Neurofeedback-1024x802.png 1024w, https:\/\/der-eifelercoach.eu\/wp-content\/uploads\/2025\/05\/Neurofeedback-300x235.png 300w, https:\/\/der-eifelercoach.eu\/wp-content\/uploads\/2025\/05\/Neurofeedback-768x602.png 768w, https:\/\/der-eifelercoach.eu\/wp-content\/uploads\/2025\/05\/Neurofeedback-1536x1203.png 1536w, https:\/\/der-eifelercoach.eu\/wp-content\/uploads\/2025\/05\/Neurofeedback-2048x1604.png 2048w\" sizes=\"(max-width: 1024px) 100vw, 1024px\" \/>\t\t\t\t\t\t\t\t\t\t\t\t\t\t\t<\/div>\n\t\t\t\t<\/div>\n\t\t\t\t<\/div>\n\t\t<div class=\"elementor-element elementor-element-c8fb703 e-con-full e-flex e-con e-child\" data-id=\"c8fb703\" data-element_type=\"container\" data-e-type=\"container\">\n\t\t\t\t<div class=\"elementor-element elementor-element-0e5c35a elementor-widget elementor-widget-text-editor\" data-id=\"0e5c35a\" data-element_type=\"widget\" data-e-type=\"widget\" data-widget_type=\"text-editor.default\">\n\t\t\t\t<div class=\"elementor-widget-container\">\n\t\t\t\t\t\t\t\t\t<p>Was w\u00e4re, wenn Sie uralte Weisheit mit moderner Neurowissenschaft kombinieren k\u00f6nnten, um Ihren Geist zu beherrschen? Neurofeedback-unterst\u00fctzte Meditation bietet genau das - eine nahtlose Mischung aus Gehirnwellentraining und Achtsamkeitspraktiken, um Stressabbau, Konzentration und emotionales Gleichgewicht zu beschleunigen.<br \/>Als zertifizierte Praktikerin leite ich meine Kunden an <em>\u201cdas Potenzial ihres Gehirns zu nutzen\u201d<\/em> durch diese wissenschaftlich untermauerte Synergie. Egal, ob Sie neu in der Meditation sind oder tiefere Zust\u00e4nde der Ruhe suchen, dieser integrierte Ansatz liefert schnellere und l\u00e4nger anhaltende Ergebnisse.<\/p><h4>Neurofeedback: Pr\u00e4zises Gehirntraining<\/h4><h5>Wie es funktioniert<\/h5><ol><li>Echtzeit-Gehirnstr\u00f6me<\/li><\/ol><ul><li>Monitoring-Sensoren (die schmerzlos auf Ihrer Kopfhaut angebracht werden) messen Ihre EEG-Muster, w\u00e4hrend Sie meditieren.<\/li><li>Ein visuelles\/akustisches Feedbacksystem (z. B. beruhigende Musik, gef\u00fchrte Bilder)<strong> belohnt optimale Gehirnzust\u00e4nde.<\/strong><\/li><\/ul><p style=\"padding-left: 40px;\">2. Gezielte Verbesserungen<\/p><ul><li><strong>Gegen \u00c4ngste:<\/strong> Erh\u00f6ht die Alphawellen (verbunden mit entspannter Wachsamkeit).<\/li><li><strong>F\u00fcr den Fokus:<\/strong> Verst\u00e4rkt die Wellen des sensomotorischen Rhythmus (SMR).<\/li><li><strong>F\u00fcr tiefe Meditation:<\/strong> F\u00f6rdert die Thetawellen (bei erfahrenen M\u00f6nchen).<\/li><\/ul><p style=\"padding-left: 40px;\">3. Warum es einzigartig ist<\/p><ul><li>\u00a0Im Gegensatz zur traditionellen Meditation (bei der sich der Fortschritt nicht greifbar anf\u00fchlen kann), bietet Neurofeedback <strong>sofortiges Feedback<\/strong>, und hilft Ihnen, Ihre Ruhe zu \u201csehen\u201d.<\/li><\/ul>\t\t\t\t\t\t\t\t<\/div>\n\t\t\t\t<\/div>\n\t\t\t\t<\/div>\n\t\t\t\t\t<\/div>\n\t\t\t\t<\/div>\n\t\t<div class=\"elementor-element elementor-element-0d3ecae e-flex e-con-boxed e-con e-parent\" data-id=\"0d3ecae\" data-element_type=\"container\" data-e-type=\"container\">\n\t\t\t\t\t<div class=\"e-con-inner\">\n\t\t<div class=\"elementor-element elementor-element-b3a5c19 e-con-full e-flex e-con e-child\" data-id=\"b3a5c19\" data-element_type=\"container\" data-e-type=\"container\">\n\t\t\t\t<div class=\"elementor-element elementor-element-493009e elementor-widget elementor-widget-image\" data-id=\"493009e\" data-element_type=\"widget\" data-e-type=\"widget\" data-widget_type=\"image.default\">\n\t\t\t\t<div class=\"elementor-widget-container\">\n\t\t\t\t\t\t\t\t\t\t\t\t\t\t\t<img decoding=\"async\" width=\"512\" height=\"512\" src=\"https:\/\/der-eifelercoach.eu\/wp-content\/uploads\/2025\/05\/MindSync_03_512-x-512-px.png\" class=\"attachment-large size-large wp-image-327\" alt=\"\" srcset=\"https:\/\/der-eifelercoach.eu\/wp-content\/uploads\/2025\/05\/MindSync_03_512-x-512-px.png 512w, https:\/\/der-eifelercoach.eu\/wp-content\/uploads\/2025\/05\/MindSync_03_512-x-512-px-300x300.png 300w, https:\/\/der-eifelercoach.eu\/wp-content\/uploads\/2025\/05\/MindSync_03_512-x-512-px-150x150.png 150w\" sizes=\"(max-width: 512px) 100vw, 512px\" \/>\t\t\t\t\t\t\t\t\t\t\t\t\t\t\t<\/div>\n\t\t\t\t<\/div>\n\t\t\t\t<\/div>\n\t\t<div class=\"elementor-element elementor-element-1915a8e e-con-full e-flex e-con e-child\" data-id=\"1915a8e\" data-element_type=\"container\" data-e-type=\"container\">\n\t\t\t\t<div class=\"elementor-element elementor-element-302ce68 elementor-widget elementor-widget-text-editor\" data-id=\"302ce68\" data-element_type=\"widget\" data-e-type=\"widget\" data-widget_type=\"text-editor.default\">\n\t\t\t\t<div class=\"elementor-widget-container\">\n\t\t\t\t\t\t\t\t\t<h4>Meditation: Der uralte Anker<\/h4><h6>Verbessert durch Neurofeedback<\/h6><ul><li>Schnellerer Fortschritt - Anf\u00e4ngern f\u00e4llt es oft schwer, ihren Geist zur Ruhe zu bringen. Neurofeedback verk\u00fcrzt die Lernkurve, indem es anzeigt, wann Ihr Gehirn in einen meditativen Zustand eintritt.<\/li><li>Tiefere Zust\u00e4nde - Fortgeschrittene Meditierende k\u00f6nnen damit auf selten erreichte Gamma-Wellen zugreifen (die mit transzendenten Erfahrungen verbunden sind).<\/li><li>Rechenschaftspflicht - Die Daten motivieren Sie (z. B. \u201cIn der letzten Sitzung habe ich die Alphawellen 8 Minuten lang aufrechterhalten - versuchen wir es mit 10!).<\/li><\/ul><h6>Stile, die wir kombinieren k\u00f6nnen<\/h6><ul><li>Achtsamkeit - Verankerung im gegenw\u00e4rtigen Moment.<\/li><li>Liebende G\u00fcte (Metta) - Mitgef\u00fchl kultivieren (verst\u00e4rkt durch synchronisierte Herz-Hirn-Koh\u00e4renz).<\/li><li>Body Scan - Gepaart mit Neurofeedback zur Vertiefung des K\u00f6rper-Geist-Bewusstseins.<\/li><\/ul><h6>Wer profitiert am meisten?<\/h6><p>\u2714 Gestresste Berufst\u00e4tige, die sich schnell entspannen wollen <br \/>\u2714 Meditierende, die in Plateaus feststecken <br \/>\u2714 ADHS- und Angstpatienten, die nat\u00fcrliche Konzentrationshilfen suchen <br \/>\u2714 Spirituelle Sucher, die h\u00f6here Bewusstseinszust\u00e4nde erforschen<\/p>\t\t\t\t\t\t\t\t<\/div>\n\t\t\t\t<\/div>\n\t\t\t\t<\/div>\n\t\t\t\t\t<\/div>\n\t\t\t\t<\/div>\n\t\t<div class=\"elementor-element elementor-element-f6a1d6d e-flex e-con-boxed e-con e-parent\" data-id=\"f6a1d6d\" data-element_type=\"container\" data-e-type=\"container\">\n\t\t\t\t\t<div class=\"e-con-inner\">\n\t\t\t\t<div class=\"elementor-element elementor-element-f8a8023 elementor-widget elementor-widget-text-editor\" data-id=\"f8a8023\" data-element_type=\"widget\" data-e-type=\"widget\" data-widget_type=\"text-editor.default\">\n\t\t\t\t<div class=\"elementor-widget-container\">\n\t\t\t\t\t\t\t\t\t<h6>So sieht eine Sitzung aus<\/h6><p>1. Gespr\u00e4ch vor dem Scan - Wir ermitteln Ihre Ziele (z. B. \u201cIch m\u00f6chte ohne Ablenkung meditieren\u201d). <br \/>2. Neurofeedback-unterst\u00fctzte Meditation - Sie meditieren, w\u00e4hrend das System Ihr Gehirn zu optimalen Mustern f\u00fchrt. <br \/>3. Einblicke nach der Sitzung - \u00dcberpr\u00fcfen Sie Ihre Gehirnwellen-Daten und passen Sie die Praktiken entsprechend an.<\/p><h6>Die meisten Kunden berichten:<\/h6><p style=\"padding-left: 40px;\">- Ich bin schneller zur Ruhe gekommen als je zuvor.\u201c <br \/>- Endlich habe ich verstanden, wie sich \u201ctiefe Meditation\u2018 anf\u00fchlt.\u2019<\/p><h6>FAQ<\/h6><p>F: Kann ich danach auch OHNE Neurofeedback meditieren lernen? <br \/>A: Auf jeden Fall! Stellen Sie sich Neurofeedback wie ein Trainingsrad vor - sobald Ihr Gehirn das \u201cGef\u00fchl\u201d der Meditation erlernt hat, reproduziert es es m\u00fchelos.<\/p><p>F: Ist dies w\u00e4hrend der Schwangerschaft\/bei medizinischen Problemen sicher? <br \/>A: Ja, es ist nicht invasiv. Wir werden die Protokolle auf Ihre Bed\u00fcrfnisse zuschneiden.<\/p><p>F: Wie viele Sitzungen sind \u00fcblich? <br \/>A: Viele sp\u00fcren eine Ver\u00e4nderung in 3-5 Sitzungen; 10-20 schaffen eine dauerhafte Ver\u00e4nderung.<\/p><p><em><strong>Sind Sie bereit, mit un\u00fcbertroffener Pr\u00e4zision zu meditieren?<\/strong><\/em> <br \/>Diese Verschmelzung von Technologie und Tradition macht Schluss mit dem R\u00e4tselraten \u00fcber Achtsamkeit. Egal, ob Sie Skeptiker oder erfahrener Praktiker sind, die Ergebnisse werden f\u00fcr sich selbst sprechen.<\/p><p>Buchen Sie eine Sitzung - Ihr klarster Kopf beginnt hier. <\/p>\t\t\t\t\t\t\t\t<\/div>\n\t\t\t\t<\/div>\n\t\t\t\t\t<\/div>\n\t\t\t\t<\/div>\n\t\t\t\t<\/div>","protected":false},"excerpt":{"rendered":"<p>Neurofeedback &amp; Meditation Neurofeedback and meditation help you quiet the mind and strengthen mental clarity for everyday challenges. What if [&hellip;]<\/p>\n","protected":false},"author":1,"featured_media":0,"parent":13,"menu_order":0,"comment_status":"closed","ping_status":"closed","template":"","meta":{"_monsterinsights_skip_tracking":false,"_monsterinsights_sitenote_active":false,"_monsterinsights_sitenote_note":"","_monsterinsights_sitenote_category":0,"site-sidebar-layout":"no-sidebar","site-content-layout":"","ast-site-content-layout":"full-width-container","site-content-style":"default","site-sidebar-style":"default","ast-global-header-display":"","ast-banner-title-visibility":"","ast-main-header-display":"","ast-hfb-above-header-display":"","ast-hfb-below-header-display":"","ast-hfb-mobile-header-display":"","site-post-title":"disabled","ast-breadcrumbs-content":"","ast-featured-img":"disabled","footer-sml-layout":"","ast-disable-related-posts":"","theme-transparent-header-meta":"default","adv-header-id-meta":"","stick-header-meta":"","header-above-stick-meta":"","header-main-stick-meta":"","header-below-stick-meta":"","astra-migrate-meta-layouts":"set","ast-page-background-enabled":"default","ast-page-background-meta":{"desktop":{"background-color":"var(--ast-global-color-5)","background-image":"","background-repeat":"repeat","background-position":"center center","background-size":"auto","background-attachment":"scroll","background-type":"","background-media":"","overlay-type":"","overlay-color":"","overlay-opacity":"","overlay-gradient":""},"tablet":{"background-color":"","background-image":"","background-repeat":"repeat","background-position":"center center","background-size":"auto","background-attachment":"scroll","background-type":"","background-media":"","overlay-type":"","overlay-color":"","overlay-opacity":"","overlay-gradient":""},"mobile":{"background-color":"","background-image":"","background-repeat":"repeat","background-position":"center center","background-size":"auto","background-attachment":"scroll","background-type":"","background-media":"","overlay-type":"","overlay-color":"","overlay-opacity":"","overlay-gradient":""}},"ast-content-background-meta":{"desktop":{"background-color":"var(--ast-global-color-4)","background-image":"","background-repeat":"repeat","background-position":"center center","background-size":"auto","background-attachment":"scroll","background-type":"","background-media":"","overlay-type":"","overlay-color":"","overlay-opacity":"","overlay-gradient":""},"tablet":{"background-color":"var(--ast-global-color-4)","background-image":"","background-repeat":"repeat","background-position":"center center","background-size":"auto","background-attachment":"scroll","background-type":"","background-media":"","overlay-type":"","overlay-color":"","overlay-opacity":"","overlay-gradient":""},"mobile":{"background-color":"var(--ast-global-color-4)","background-image":"","background-repeat":"repeat","background-position":"center center","background-size":"auto","background-attachment":"scroll","background-type":"","background-media":"","overlay-type":"","overlay-color":"","overlay-opacity":"","overlay-gradient":""}},"footnotes":""},"class_list":["post-25","page","type-page","status-publish","hentry"],"_links":{"self":[{"href":"https:\/\/der-eifelercoach.eu\/de\/wp-json\/wp\/v2\/pages\/25","targetHints":{"allow":["GET"]}}],"collection":[{"href":"https:\/\/der-eifelercoach.eu\/de\/wp-json\/wp\/v2\/pages"}],"about":[{"href":"https:\/\/der-eifelercoach.eu\/de\/wp-json\/wp\/v2\/types\/page"}],"author":[{"embeddable":true,"href":"https:\/\/der-eifelercoach.eu\/de\/wp-json\/wp\/v2\/users\/1"}],"replies":[{"embeddable":true,"href":"https:\/\/der-eifelercoach.eu\/de\/wp-json\/wp\/v2\/comments?post=25"}],"version-history":[{"count":23,"href":"https:\/\/der-eifelercoach.eu\/de\/wp-json\/wp\/v2\/pages\/25\/revisions"}],"predecessor-version":[{"id":2103,"href":"https:\/\/der-eifelercoach.eu\/de\/wp-json\/wp\/v2\/pages\/25\/revisions\/2103"}],"up":[{"embeddable":true,"href":"https:\/\/der-eifelercoach.eu\/de\/wp-json\/wp\/v2\/pages\/13"}],"wp:attachment":[{"href":"https:\/\/der-eifelercoach.eu\/de\/wp-json\/wp\/v2\/media?parent=25"}],"curies":[{"name":"wp","href":"https:\/\/api.w.org\/{rel}","templated":true}]}}