{"id":305,"date":"2025-05-27T15:28:17","date_gmt":"2025-05-27T15:28:17","guid":{"rendered":"https:\/\/der-eifelercoach.eu\/?page_id=305"},"modified":"2026-04-28T21:14:36","modified_gmt":"2026-04-28T18:14:36","slug":"wingwave-coaching","status":"publish","type":"page","link":"https:\/\/der-eifelercoach.eu\/de\/services\/wingwave-coaching\/","title":{"rendered":"Wingwave Coaching"},"content":{"rendered":"<div data-elementor-type=\"wp-page\" data-elementor-id=\"305\" class=\"elementor elementor-305\" data-elementor-post-type=\"page\">\n\t\t\t\t<div class=\"elementor-element elementor-element-7bd2a41 coach-container e-flex e-con-boxed e-con e-parent\" data-id=\"7bd2a41\" data-element_type=\"container\" data-e-type=\"container\" data-settings=\"{&quot;background_background&quot;:&quot;classic&quot;}\">\n\t\t\t\t\t<div class=\"e-con-inner\">\n\t\t\t\t<div class=\"elementor-element elementor-element-0cdfa3c elementor-widget__width-initial elementor-widget-mobile__width-initial elementor-widget elementor-widget-heading\" data-id=\"0cdfa3c\" data-element_type=\"widget\" data-e-type=\"widget\" data-widget_type=\"heading.default\">\n\t\t\t\t<div class=\"elementor-widget-container\">\n\t\t\t\t\t<h1 class=\"elementor-heading-title elementor-size-default\">Wingwave\u00ae Coaching:\nRapid Emotional Balance &amp; Performance Boost<\/h1>\t\t\t\t<\/div>\n\t\t\t\t<\/div>\n\t\t\t\t<div class=\"elementor-element elementor-element-fcae918 elementor-widget__width-initial elementor-widget elementor-widget-heading\" data-id=\"fcae918\" data-element_type=\"widget\" data-e-type=\"widget\" data-widget_type=\"heading.default\">\n\t\t\t\t<div class=\"elementor-widget-container\">\n\t\t\t\t\t<h2 class=\"elementor-heading-title elementor-size-default\">Wingwave\u00ae Coaching kombiniert Elemente von EMDR, NLP und Kinesiologie, um Ihnen zu helfen, emotionalen Stress zu \u00fcberwinden und schnell wieder ins Gleichgewicht zu kommen.<\/h2>\t\t\t\t<\/div>\n\t\t\t\t<\/div>\n\t\t\t\t\t<\/div>\n\t\t\t\t<\/div>\n\t\t<div class=\"elementor-element elementor-element-54d44a6 e-flex e-con-boxed e-con e-parent\" data-id=\"54d44a6\" data-element_type=\"container\" data-e-type=\"container\">\n\t\t\t\t\t<div class=\"e-con-inner\">\n\t\t<div class=\"elementor-element elementor-element-5724ef8 e-con-full e-flex e-con e-child\" data-id=\"5724ef8\" data-element_type=\"container\" data-e-type=\"container\">\n\t\t\t\t<div class=\"elementor-element elementor-element-237ff76 elementor-widget__width-initial elementor-widget elementor-widget-text-editor\" data-id=\"237ff76\" data-element_type=\"widget\" data-e-type=\"widget\" data-widget_type=\"text-editor.default\">\n\t\t\t\t<div class=\"elementor-widget-container\">\n\t\t\t\t\t\t\t\t\t<p>Was w\u00e4re, wenn Sie in nur wenigen Sitzungen Stress abbauen, \u00c4ngste \u00fcberwinden oder Ihr Selbstvertrauen st\u00e4rken k\u00f6nnten? Wingwave\u00ae Coaching macht dies m\u00f6glich. Diese innovative, evidenzbasierte Methode kombiniert Elemente aus NLP (Neuro-Linguistisches Programmieren), EMDR (Eye Movement Desensitization and Reprocessing) und Muskeltests (Kinesiologie), um emotionale Blockaden schnell aufzul\u00f6sen und Ihr volles Potenzial freizusetzen.<br \/>Ganz gleich, ob Sie mit \u00c4ngsten, Leistungsdruck oder vergangenen Traumata zu k\u00e4mpfen haben, Wingwave\u00ae bietet schnelle und dauerhafte Linderung - ohne endlose Gespr\u00e4chstherapie. Als zertifizierter Wingwave\u00ae-Coach begleite ich meine Klienten auf dem Weg zu emotionaler Freiheit und h\u00f6chster Belastbarkeit mit diesem kraftvollen Werkzeug.<\/p><h4>Was ist Wingwave\u00ae Coaching?<\/h4><p>Wingwave\u00ae ist eine Kurzzeit-Coaching-Methode, die von den deutschen Psychologen Cora Besser-Siegmund und Harry Siegmund entwickelt wurde. Ich geh\u00f6re zu den Gl\u00fccklichen, die das Handwerk direkt von den beiden Entwicklern gelernt haben.<\/p><p>Das funktioniert so:<\/p><ol><li>Identifizierung von Stressausl\u00f6sern <br \/>- Mithilfe von Muskeltests (oder verbalem Feedback) ermitteln wir \u201cunbewusste Stressoren\u201d, die Ihre Emotionen, Entscheidungen oder Ihre Leistung beeinflussen.<\/li><li>Bilaterale Stimulation (wie EMDR)<br \/>- Sanfte Augenbewegungen, Klopfen oder Kl\u00e4nge aktivieren beide Gehirnh\u00e4lften und helfen Ihrem Geist, festgefahrene Emotionen wieder zu verarbeiten.<\/li><li>Negative Verhaltensmuster neu verdrahten<br \/>- Ersetzt schnell einschr\u00e4nkende \u00dcberzeugungen (z. B. \u201cIch bin nicht gut genug\u201d) durch ermutigende (\u201cIch bew\u00e4ltige Herausforderungen mit Leichtigkeit\u201d).<\/li><\/ol>\t\t\t\t\t\t\t\t<\/div>\n\t\t\t\t<\/div>\n\t\t\t\t<\/div>\n\t\t\t\t\t<\/div>\n\t\t\t\t<\/div>\n\t\t<div class=\"elementor-element elementor-element-0a489ba e-flex e-con-boxed e-con e-parent\" data-id=\"0a489ba\" data-element_type=\"container\" data-e-type=\"container\">\n\t\t\t\t\t<div class=\"e-con-inner\">\n\t\t\t\t<div class=\"elementor-element elementor-element-31ee6d4 elementor-widget elementor-widget-video\" data-id=\"31ee6d4\" data-element_type=\"widget\" data-e-type=\"widget\" data-settings=\"{&quot;youtube_url&quot;:&quot;https:\\\/\\\/youtu.be\\\/9hrIya7xY-k&quot;,&quot;video_type&quot;:&quot;youtube&quot;,&quot;controls&quot;:&quot;yes&quot;}\" data-widget_type=\"video.default\">\n\t\t\t\t<div class=\"elementor-widget-container\">\n\t\t\t\t\t\t\t<div class=\"elementor-wrapper elementor-open-inline\">\n\t\t\t<div class=\"elementor-video\"><\/div>\t\t<\/div>\n\t\t\t\t\t\t<\/div>\n\t\t\t\t<\/div>\n\t\t\t\t\t<\/div>\n\t\t\t\t<\/div>\n\t\t<div class=\"elementor-element elementor-element-47ed449 e-flex e-con-boxed e-con e-parent\" data-id=\"47ed449\" data-element_type=\"container\" data-e-type=\"container\">\n\t\t\t\t\t<div class=\"e-con-inner\">\n\t\t\t\t<div class=\"elementor-element elementor-element-c778b90 elementor-widget elementor-widget-text-editor\" data-id=\"c778b90\" data-element_type=\"widget\" data-e-type=\"widget\" data-widget_type=\"text-editor.default\">\n\t\t\t\t<div class=\"elementor-widget-container\">\n\t\t\t\t\t\t\t\t\t<h4 style=\"text-align: center;\">Die Wissenschaft hinter Wingwave\u00ae<\/h4><p style=\"padding-left: 40px; text-align: left;\">- Studien zeigen, dass die bilaterale Stimulation (wie sie bei EMDR eingesetzt wird) die Hyperaktivit\u00e4t der Amygdala reduziert und die Angstreaktion des Gehirns beruhigt. <br \/>- Wird von Sportlern, F\u00fchrungskr\u00e4ften und K\u00fcnstlern eingesetzt, um die mentale Belastbarkeit zu erh\u00f6hen.<\/p><h4 style=\"text-align: center;\">Die wichtigsten Vorteile von Wingwave\u00ae Coaching<\/h4><p>1. Stress- und Angstabbau<\/p><p style=\"padding-left: 40px;\">- L\u00f6st Leistungsangst, Phobien oder Panikausl\u00f6ser schnell auf.<\/p><p>2. Selbstvertrauen und geistige Klarheit<\/p><p style=\"padding-left: 40px;\">- Beseitigt unbewusste Blockaden (z. B. Impostor-Syndrom, Selbstzweifel).<\/p><p>3. Trauma und emotionale Heilung<\/p><p style=\"padding-left: 40px;\">- Hilft, **vergangene Ereignisse** zu verarbeiten, ohne den Schmerz erneut zu erleben.<\/p><p>4. Spitzenleistung<\/p><p style=\"padding-left: 40px;\">- Wird von Olympioniken und CEOs verwendet, um **mentale Barrieren** vor Wettk\u00e4mpfen oder Pr\u00e4sentationen zu beseitigen.<\/p><p>5. Besserer Schlaf &amp; Beziehungen<\/p><p style=\"padding-left: 40px;\">- Reduziert die emotionale Reaktivit\u00e4t, verbessert die Kommunikation und die Ruhe.<\/p><h4 style=\"text-align: center;\">Was Sie von einer Sitzung erwarten k\u00f6nnen<\/h4><p>1. Zielsetzung<\/p><p style=\"padding-left: 40px;\">- Wir legen Ihren Schwerpunkt fest (z. B. Angst vor \u00f6ffentlichen Auftritten, Burnout-Erholung).<\/p><p>2. Muskeltest \/ Feedback<\/p><p style=\"padding-left: 40px;\">- Identifiziert versteckte Stressoren in wenigen Minuten.<\/p><p>3. Bilaterale Stimulation<\/p><p style=\"padding-left: 40px;\">- Sanfte Augenbewegungen oder Klopfen, um das Gehirn \u201caufzutauen\u201d.<\/p><p>4. Neue \u00dcberzeugungen verankern<\/p><p style=\"padding-left: 40px;\">- Verst\u00e4rken Sie positive neuronale Bahnen.<\/p><p>Die meisten Klienten sehen Ver\u00e4nderungen in 1-3 Sitzungen!<\/p><h4 style=\"text-align: center;\">FAQ<\/h4><p>F: Ist Wingwave\u00ae wie eine Therapie? <br \/>A: Es ist ein Coaching (keine klinische Therapie), ideal f\u00fcr Leistung, Stress und leichte Traumata.<\/p><p>F: Wie schnell funktioniert es? <br \/>A: Viele sp\u00fcren sofort eine Erleichterung - bei langfristigen Problemen kann es 3-5 Sitzungen dauern.<\/p><p>F: K\u00f6nnen Kinder es benutzen? <br \/>A: Ja! Gro\u00dfartig bei Pr\u00fcfungsangst, Sportdruck oder Schlafst\u00f6rungen.<\/p><p>Sind Sie bereit, sich von emotionalen Blockaden zu befreien? <br \/>Wingwave\u00ae Coaching ist Ihre Abk\u00fcrzung zu Ruhe, Selbstvertrauen und unaufhaltsamer Leistung.<\/p>\t\t\t\t\t\t\t\t<\/div>\n\t\t\t\t<\/div>\n\t\t\t\t\t<\/div>\n\t\t\t\t<\/div>\n\t\t\t\t<\/div>","protected":false},"excerpt":{"rendered":"<p>Wingwave\u00ae Coaching: Rapid Emotional Balance &amp; Performance Boost Wingwave\u00ae Coaching combines elements of EMDR, NLP, and kinesiology to help you [&hellip;]<\/p>\n","protected":false},"author":1,"featured_media":0,"parent":13,"menu_order":0,"comment_status":"closed","ping_status":"closed","template":"","meta":{"_monsterinsights_skip_tracking":false,"_monsterinsights_sitenote_active":false,"_monsterinsights_sitenote_note":"","_monsterinsights_sitenote_category":0,"site-sidebar-layout":"no-sidebar","site-content-layout":"","ast-site-content-layout":"full-width-container","site-content-style":"default","site-sidebar-style":"default","ast-global-header-display":"","ast-banner-title-visibility":"","ast-main-header-display":"","ast-hfb-above-header-display":"","ast-hfb-below-header-display":"","ast-hfb-mobile-header-display":"","site-post-title":"disabled","ast-breadcrumbs-content":"","ast-featured-img":"disabled","footer-sml-layout":"","ast-disable-related-posts":"","theme-transparent-header-meta":"default","adv-header-id-meta":"","stick-header-meta":"","header-above-stick-meta":"","header-main-stick-meta":"","header-below-stick-meta":"","astra-migrate-meta-layouts":"set","ast-page-background-enabled":"default","ast-page-background-meta":{"desktop":{"background-color":"var(--ast-global-color-5)","background-image":"","background-repeat":"repeat","background-position":"center center","background-size":"auto","background-attachment":"scroll","background-type":"","background-media":"","overlay-type":"","overlay-color":"","overlay-opacity":"","overlay-gradient":""},"tablet":{"background-color":"","background-image":"","background-repeat":"repeat","background-position":"center center","background-size":"auto","background-attachment":"scroll","background-type":"","background-media":"","overlay-type":"","overlay-color":"","overlay-opacity":"","overlay-gradient":""},"mobile":{"background-color":"","background-image":"","background-repeat":"repeat","background-position":"center center","background-size":"auto","background-attachment":"scroll","background-type":"","background-media":"","overlay-type":"","overlay-color":"","overlay-opacity":"","overlay-gradient":""}},"ast-content-background-meta":{"desktop":{"background-color":"var(--ast-global-color-4)","background-image":"","background-repeat":"repeat","background-position":"center center","background-size":"auto","background-attachment":"scroll","background-type":"","background-media":"","overlay-type":"","overlay-color":"","overlay-opacity":"","overlay-gradient":""},"tablet":{"background-color":"var(--ast-global-color-4)","background-image":"","background-repeat":"repeat","background-position":"center center","background-size":"auto","background-attachment":"scroll","background-type":"","background-media":"","overlay-type":"","overlay-color":"","overlay-opacity":"","overlay-gradient":""},"mobile":{"background-color":"var(--ast-global-color-4)","background-image":"","background-repeat":"repeat","background-position":"center center","background-size":"auto","background-attachment":"scroll","background-type":"","background-media":"","overlay-type":"","overlay-color":"","overlay-opacity":"","overlay-gradient":""}},"footnotes":""},"class_list":["post-305","page","type-page","status-publish","hentry"],"_links":{"self":[{"href":"https:\/\/der-eifelercoach.eu\/de\/wp-json\/wp\/v2\/pages\/305","targetHints":{"allow":["GET"]}}],"collection":[{"href":"https:\/\/der-eifelercoach.eu\/de\/wp-json\/wp\/v2\/pages"}],"about":[{"href":"https:\/\/der-eifelercoach.eu\/de\/wp-json\/wp\/v2\/types\/page"}],"author":[{"embeddable":true,"href":"https:\/\/der-eifelercoach.eu\/de\/wp-json\/wp\/v2\/users\/1"}],"replies":[{"embeddable":true,"href":"https:\/\/der-eifelercoach.eu\/de\/wp-json\/wp\/v2\/comments?post=305"}],"version-history":[{"count":25,"href":"https:\/\/der-eifelercoach.eu\/de\/wp-json\/wp\/v2\/pages\/305\/revisions"}],"predecessor-version":[{"id":2109,"href":"https:\/\/der-eifelercoach.eu\/de\/wp-json\/wp\/v2\/pages\/305\/revisions\/2109"}],"up":[{"embeddable":true,"href":"https:\/\/der-eifelercoach.eu\/de\/wp-json\/wp\/v2\/pages\/13"}],"wp:attachment":[{"href":"https:\/\/der-eifelercoach.eu\/de\/wp-json\/wp\/v2\/media?parent=305"}],"curies":[{"name":"wp","href":"https:\/\/api.w.org\/{rel}","templated":true}]}}